{"id":755,"date":"2025-09-30T13:47:20","date_gmt":"2025-09-30T13:47:20","guid":{"rendered":"https:\/\/www.belledemaieditions.com\/?post_type=product&#038;p=755"},"modified":"2025-09-30T13:48:28","modified_gmt":"2025-09-30T13:48:28","slug":"la-democratie-religieuse-maurras-charles","status":"publish","type":"product","link":"https:\/\/www.belledemaieditions.com\/index.php\/produit\/la-democratie-religieuse-maurras-charles\/","title":{"rendered":"La d\u00e9mocratie religieuse, MAURRAS Charles"},"content":{"rendered":"<div id=\"tab-description\" class=\"woocommerce-Tabs-panel woocommerce-Tabs-panel--description panel entry-content wc-tab\" role=\"tabpanel\" aria-labelledby=\"tab-title-description\">\n<div id=\"tab-description\" class=\"woocommerce-Tabs-panel woocommerce-Tabs-panel--description panel entry-content wc-tab\" role=\"tabpanel\" aria-labelledby=\"tab-title-description\">\n<div id=\"tab-description\" class=\"woocommerce-Tabs-panel woocommerce-Tabs-panel--description panel entry-content wc-tab\" role=\"tabpanel\" aria-labelledby=\"tab-title-description\">\n<div id=\"tab-description\" class=\"woocommerce-Tabs-panel woocommerce-Tabs-panel--description panel entry-content wc-tab\" role=\"tabpanel\" aria-labelledby=\"tab-title-description\">\n<div id=\"tab-description\" class=\"woocommerce-Tabs-panel woocommerce-Tabs-panel--description panel entry-content wc-tab\" role=\"tabpanel\" aria-labelledby=\"tab-title-description\">\n<h2>Description<\/h2>\n<h2>MAURRAS Charles<\/h2>\n<p>Cet ensemble ainsi r\u00e9uni explicite une formule c\u00e9l\u00e8bre du nationalisme int\u00e9gral, le\u00a0Politique d\u2019abord !\u00a0La th\u00e8se de l\u2019auteur consiste \u00e0 interpr\u00e9ter le ph\u00e9nom\u00e8ne d\u00e9mocratique, consubstantiel \u00e0 la modernisation des soci\u00e9t\u00e9s et des \u00c9tats, du point de vue religieux. Prenant la d\u00e9fense de l\u2019\u00c9glise catholique, attaqu\u00e9e de l\u2019ext\u00e9rieur par la R\u00e9publique et de l\u2019int\u00e9rieur par la d\u00e9mocratie-chr\u00e9tienne du\u00a0<em>Sillon\u00a0<\/em>de Marc Sangnier, Maurras s\u2019attache \u00e0 montrer que le principe dynastique, la royaut\u00e9, est le compl\u00e9ment indispensable \u00e0 l\u2019empire sacerdotal catholique sur les \u00e2mes. Au fond, son appel \u00e0 la restauration de l\u2019alliance du tr\u00f4ne et de l\u2019autel conduit \u00e0 voir la d\u00e9mocratie comme une religion qui vide le politique de sa puissance.<\/p>\n<p>&nbsp;<\/p>\n<\/div>\n<div id=\"tab-additional_information\" class=\"woocommerce-Tabs-panel woocommerce-Tabs-panel--additional_information panel entry-content wc-tab\" role=\"tabpanel\" aria-labelledby=\"tab-title-additional_information\">\n<h2>Informations compl\u00e9mentaires<\/h2>\n<table class=\"woocommerce-product-attributes shop_attributes\">\n<tbody>\n<tr class=\"woocommerce-product-attributes-item woocommerce-product-attributes-item--weight\">\n<th class=\"woocommerce-product-attributes-item__label\">Poids<\/th>\n<td class=\"woocommerce-product-attributes-item__value\">0,5 kg<\/td>\n<\/tr>\n<tr class=\"woocommerce-product-attributes-item woocommerce-product-attributes-item--dimensions\">\n<th class=\"woocommerce-product-attributes-item__label\">Dimensions<\/th>\n<td class=\"woocommerce-product-attributes-item__value\">14,8 \u00d7 21 cm<\/td>\n<\/tr>\n<\/tbody>\n<\/table>\n<\/div>\n<\/div>\n<\/div>\n<\/div>\n<\/div>\n","protected":false},"excerpt":{"rendered":"<p>NOMBRE DE PAGES\u00a0 620<\/p>\n<h2>MAURRAS Charles<\/h2>\n<p>En 1921 paraissait le volume\u00a0<em>La d\u00e9mocratie religieuse<\/em>, compilant trois textes pr\u00e9alablement \u00e9crits par Charles Maurras. \u00c0 savoir :\u00a0<em>Le Dilemme de Marc Sangnier<\/em>, datant de 1906,\u00a0<em>La politique religieuse<\/em>,\u00a0de 1912 et\u00a0<em>L\u2019Action fran\u00e7aise et la religion catholique<\/em>,\u00a0de 1914.<\/p>\n<p><a style=\"background-color: #c84949; color: white; padding: 12px 24px; font-size: 16px; font-weight: normal; font-family: Arial, sans-serif; text-decoration: none; border: none; border-radius: 30px; cursor: pointer; display: inline-block; transition: background-color 0.3s ease;\" href=\"https:\/\/www.belledemaieditions.com\/index.php\/contact\/\">Commander<br \/>\n<\/a><\/p>\n","protected":false},"featured_media":756,"comment_status":"open","ping_status":"closed","template":"","meta":{"ocean_post_layout":"","ocean_both_sidebars_style":"","ocean_both_sidebars_content_width":0,"ocean_both_sidebars_sidebars_width":0,"ocean_sidebar":"","ocean_second_sidebar":"","ocean_disable_margins":"enable","ocean_add_body_class":"","ocean_shortcode_before_top_bar":"","ocean_shortcode_after_top_bar":"","ocean_shortcode_before_header":"","ocean_shortcode_after_header":"","ocean_has_shortcode":"","ocean_shortcode_after_title":"","ocean_shortcode_before_footer_widgets":"","ocean_shortcode_after_footer_widgets":"","ocean_shortcode_before_footer_bottom":"","ocean_shortcode_after_footer_bottom":"","ocean_display_top_bar":"default","ocean_display_header":"default","ocean_header_style":"","ocean_center_header_left_menu":"","ocean_custom_header_template":"","ocean_custom_logo":0,"ocean_custom_retina_logo":0,"ocean_custom_logo_max_width":0,"ocean_custom_logo_tablet_max_width":0,"ocean_custom_logo_mobile_max_width":0,"ocean_custom_logo_max_height":0,"ocean_custom_logo_tablet_max_height":0,"ocean_custom_logo_mobile_max_height":0,"ocean_header_custom_menu":"","ocean_menu_typo_font_family":"","ocean_menu_typo_font_subset":"","ocean_menu_typo_font_size":0,"ocean_menu_typo_font_size_tablet":0,"ocean_menu_typo_font_size_mobile":0,"ocean_menu_typo_font_size_unit":"px","ocean_menu_typo_font_weight":"","ocean_menu_typo_font_weight_tablet":"","ocean_menu_typo_font_weight_mobile":"","ocean_menu_typo_transform":"","ocean_menu_typo_transform_tablet":"","ocean_menu_typo_transform_mobile":"","ocean_menu_typo_line_height":0,"ocean_menu_typo_line_height_tablet":0,"ocean_menu_typo_line_height_mobile":0,"ocean_menu_typo_line_height_unit":"","ocean_menu_typo_spacing":0,"ocean_menu_typo_spacing_tablet":0,"ocean_menu_typo_spacing_mobile":0,"ocean_menu_typo_spacing_unit":"","ocean_menu_link_color":"","ocean_menu_link_color_hover":"","ocean_menu_link_color_active":"","ocean_menu_link_background":"","ocean_menu_link_hover_background":"","ocean_menu_link_active_background":"","ocean_menu_social_links_bg":"","ocean_menu_social_hover_links_bg":"","ocean_menu_social_links_color":"","ocean_menu_social_hover_links_color":"","ocean_disable_title":"default","ocean_disable_heading":"default","ocean_post_title":"","ocean_post_subheading":"","ocean_post_title_style":"","ocean_post_title_background_color":"","ocean_post_title_background":0,"ocean_post_title_bg_image_position":"","ocean_post_title_bg_image_attachment":"","ocean_post_title_bg_image_repeat":"","ocean_post_title_bg_image_size":"","ocean_post_title_height":0,"ocean_post_title_bg_overlay":0.5,"ocean_post_title_bg_overlay_color":"","ocean_disable_breadcrumbs":"default","ocean_breadcrumbs_color":"","ocean_breadcrumbs_separator_color":"","ocean_breadcrumbs_links_color":"","ocean_breadcrumbs_links_hover_color":"","ocean_display_footer_widgets":"default","ocean_display_footer_bottom":"default","ocean_custom_footer_template":""},"product_brand":[],"product_cat":[23],"product_tag":[],"class_list":{"0":"post-755","1":"product","2":"type-product","3":"status-publish","4":"has-post-thumbnail","6":"product_cat-doctrine","8":"entry","9":"has-media","11":"first","12":"instock","13":"shipping-taxable","14":"purchasable","15":"product-type-simple","16":"has-product-nav","17":"col","18":"span_1_of_3","19":"owp-content-center","20":"owp-thumbs-layout-horizontal","21":"owp-btn-normal","22":"owp-tabs-layout-horizontal","23":"has-no-thumbnails"},"jetpack_sharing_enabled":true,"_links":{"self":[{"href":"https:\/\/www.belledemaieditions.com\/index.php\/wp-json\/wp\/v2\/product\/755","targetHints":{"allow":["GET"]}}],"collection":[{"href":"https:\/\/www.belledemaieditions.com\/index.php\/wp-json\/wp\/v2\/product"}],"about":[{"href":"https:\/\/www.belledemaieditions.com\/index.php\/wp-json\/wp\/v2\/types\/product"}],"replies":[{"embeddable":true,"href":"https:\/\/www.belledemaieditions.com\/index.php\/wp-json\/wp\/v2\/comments?post=755"}],"wp:featuredmedia":[{"embeddable":true,"href":"https:\/\/www.belledemaieditions.com\/index.php\/wp-json\/wp\/v2\/media\/756"}],"wp:attachment":[{"href":"https:\/\/www.belledemaieditions.com\/index.php\/wp-json\/wp\/v2\/media?parent=755"}],"wp:term":[{"taxonomy":"product_brand","embeddable":true,"href":"https:\/\/www.belledemaieditions.com\/index.php\/wp-json\/wp\/v2\/product_brand?post=755"},{"taxonomy":"product_cat","embeddable":true,"href":"https:\/\/www.belledemaieditions.com\/index.php\/wp-json\/wp\/v2\/product_cat?post=755"},{"taxonomy":"product_tag","embeddable":true,"href":"https:\/\/www.belledemaieditions.com\/index.php\/wp-json\/wp\/v2\/product_tag?post=755"}],"curies":[{"name":"wp","href":"https:\/\/api.w.org\/{rel}","templated":true}]}}