{"id":709,"date":"2025-09-30T12:41:26","date_gmt":"2025-09-30T12:41:26","guid":{"rendered":"https:\/\/www.belledemaieditions.com\/?post_type=product&#038;p=709"},"modified":"2025-09-30T12:44:26","modified_gmt":"2025-09-30T12:44:26","slug":"un-debat-sur-la-tradition-de-benoist-alain-thibon-gustave","status":"publish","type":"product","link":"https:\/\/www.belledemaieditions.com\/index.php\/produit\/un-debat-sur-la-tradition-de-benoist-alain-thibon-gustave\/","title":{"rendered":"Un d\u00e9bat sur la tradition, DE BENOIST Alain, THIBON Gustave"},"content":{"rendered":"<div id=\"tab-description\" class=\"woocommerce-Tabs-panel woocommerce-Tabs-panel--description panel entry-content wc-tab\" role=\"tabpanel\" aria-labelledby=\"tab-title-description\">\n<div id=\"tab-description\" class=\"woocommerce-Tabs-panel woocommerce-Tabs-panel--description panel entry-content wc-tab\" role=\"tabpanel\" aria-labelledby=\"tab-title-description\">\n<div id=\"tab-description\" class=\"woocommerce-Tabs-panel woocommerce-Tabs-panel--description panel entry-content wc-tab\" role=\"tabpanel\" aria-labelledby=\"tab-title-description\">\n<h2>Description<\/h2>\n<h2>DE BENOIST Alain, THIBON Gustave<\/h2>\n<p>Quarante ann\u00e9es plus tard, s\u2019y replonger est l\u2019occasion pour chacun d\u2019enrichir sa r\u00e9flexion sur la nature exacte de l\u2019h\u00e9ritage commun \u00e0 transmettre : faut-il s\u2019amender de notre identit\u00e9 chr\u00e9tienne au b\u00e9n\u00e9fice de nos racines plus profondes ou plus anciennes, le paganisme hell\u00e9no-latin ? Ou, plut\u00f4t, perp\u00e9tuer l\u2019h\u00e9ritage chr\u00e9tien, en veillant \u00e0 y maintenir le legs du paganisme ?<br \/>\nS\u2019y replonger, c\u2019est en outre parfaire sa culture philosophique par la lecture d\u2019un exercice de ma\u00efeutique proprement remarquable, o\u00f9 dialoguent deux esprits, deux temp\u00e9raments, deux g\u00e9n\u00e9rations.<\/p>\n<p>Ce d\u00e9bat ayant fait l\u2019objet d\u2019un enregistrement vid\u00e9o par les organisateurs a \u00e9t\u00e9 largement et constamment diffus\u00e9 depuis lors sur diff\u00e9rents m\u00e9dias. Il a \u00e9t\u00e9 fid\u00e8lement retranscrit pour donner naissance \u00e0 la pr\u00e9sente \u00e9dition.<\/p>\n<p>&nbsp;<\/p>\n<\/div>\n<div id=\"tab-additional_information\" class=\"woocommerce-Tabs-panel woocommerce-Tabs-panel--additional_information panel entry-content wc-tab\" role=\"tabpanel\" aria-labelledby=\"tab-title-additional_information\">\n<h2>Informations compl\u00e9mentaires<\/h2>\n<table class=\"woocommerce-product-attributes shop_attributes\">\n<tbody>\n<tr class=\"woocommerce-product-attributes-item woocommerce-product-attributes-item--weight\">\n<th class=\"woocommerce-product-attributes-item__label\">Poids<\/th>\n<td class=\"woocommerce-product-attributes-item__value\">0,1 kg<\/td>\n<\/tr>\n<tr class=\"woocommerce-product-attributes-item woocommerce-product-attributes-item--dimensions\">\n<th class=\"woocommerce-product-attributes-item__label\">Dimensions<\/th>\n<td class=\"woocommerce-product-attributes-item__value\">14,8 \u00d7 21 cm<\/td>\n<\/tr>\n<\/tbody>\n<\/table>\n<\/div>\n<\/div>\n<\/div>\n","protected":false},"excerpt":{"rendered":"<p>NOMBRE DE PAGES\u00a0 92<\/p>\n<h2>DE BENOIST Alain, THIBON Gustave<\/h2>\n<p>Le 15 avril 1982, un d\u00e9bat entre Alain de Benoist et Gustave Thibon eut lieu dans un grand h\u00f4tel de Marseille, \u00e0 l\u2019initiative de l\u2019Union Royaliste Proven\u00e7ale, qui se chargea de son organisation. Plus qu\u2019une joute oratoire, ce fut une formidable rencontre intellectuelle.<\/p>\n<p><a style=\"background-color: #c84949; color: white; padding: 12px 24px; font-size: 16px; font-weight: normal; font-family: Arial, sans-serif; text-decoration: none; border: none; border-radius: 30px; cursor: pointer; display: inline-block; transition: background-color 0.3s ease;\" href=\"https:\/\/www.belledemaieditions.com\/index.php\/contact\/\">Commander<br \/>\n<\/a><\/p>\n","protected":false},"featured_media":710,"comment_status":"open","ping_status":"closed","template":"","meta":{"ocean_post_layout":"","ocean_both_sidebars_style":"","ocean_both_sidebars_content_width":0,"ocean_both_sidebars_sidebars_width":0,"ocean_sidebar":"","ocean_second_sidebar":"","ocean_disable_margins":"enable","ocean_add_body_class":"","ocean_shortcode_before_top_bar":"","ocean_shortcode_after_top_bar":"","ocean_shortcode_before_header":"","ocean_shortcode_after_header":"","ocean_has_shortcode":"","ocean_shortcode_after_title":"","ocean_shortcode_before_footer_widgets":"","ocean_shortcode_after_footer_widgets":"","ocean_shortcode_before_footer_bottom":"","ocean_shortcode_after_footer_bottom":"","ocean_display_top_bar":"default","ocean_display_header":"default","ocean_header_style":"","ocean_center_header_left_menu":"","ocean_custom_header_template":"","ocean_custom_logo":0,"ocean_custom_retina_logo":0,"ocean_custom_logo_max_width":0,"ocean_custom_logo_tablet_max_width":0,"ocean_custom_logo_mobile_max_width":0,"ocean_custom_logo_max_height":0,"ocean_custom_logo_tablet_max_height":0,"ocean_custom_logo_mobile_max_height":0,"ocean_header_custom_menu":"","ocean_menu_typo_font_family":"","ocean_menu_typo_font_subset":"","ocean_menu_typo_font_size":0,"ocean_menu_typo_font_size_tablet":0,"ocean_menu_typo_font_size_mobile":0,"ocean_menu_typo_font_size_unit":"px","ocean_menu_typo_font_weight":"","ocean_menu_typo_font_weight_tablet":"","ocean_menu_typo_font_weight_mobile":"","ocean_menu_typo_transform":"","ocean_menu_typo_transform_tablet":"","ocean_menu_typo_transform_mobile":"","ocean_menu_typo_line_height":0,"ocean_menu_typo_line_height_tablet":0,"ocean_menu_typo_line_height_mobile":0,"ocean_menu_typo_line_height_unit":"","ocean_menu_typo_spacing":0,"ocean_menu_typo_spacing_tablet":0,"ocean_menu_typo_spacing_mobile":0,"ocean_menu_typo_spacing_unit":"","ocean_menu_link_color":"","ocean_menu_link_color_hover":"","ocean_menu_link_color_active":"","ocean_menu_link_background":"","ocean_menu_link_hover_background":"","ocean_menu_link_active_background":"","ocean_menu_social_links_bg":"","ocean_menu_social_hover_links_bg":"","ocean_menu_social_links_color":"","ocean_menu_social_hover_links_color":"","ocean_disable_title":"default","ocean_disable_heading":"default","ocean_post_title":"","ocean_post_subheading":"","ocean_post_title_style":"","ocean_post_title_background_color":"","ocean_post_title_background":0,"ocean_post_title_bg_image_position":"","ocean_post_title_bg_image_attachment":"","ocean_post_title_bg_image_repeat":"","ocean_post_title_bg_image_size":"","ocean_post_title_height":0,"ocean_post_title_bg_overlay":0.5,"ocean_post_title_bg_overlay_color":"","ocean_disable_breadcrumbs":"default","ocean_breadcrumbs_color":"","ocean_breadcrumbs_separator_color":"","ocean_breadcrumbs_links_color":"","ocean_breadcrumbs_links_hover_color":"","ocean_display_footer_widgets":"default","ocean_display_footer_bottom":"default","ocean_custom_footer_template":""},"product_brand":[],"product_cat":[21],"product_tag":[],"class_list":{"0":"post-709","1":"product","2":"type-product","3":"status-publish","4":"has-post-thumbnail","6":"product_cat-philosophie-religion","8":"entry","9":"has-media","11":"first","12":"instock","13":"shipping-taxable","14":"purchasable","15":"product-type-simple","16":"has-product-nav","17":"col","18":"span_1_of_3","19":"owp-content-center","20":"owp-thumbs-layout-horizontal","21":"owp-btn-normal","22":"owp-tabs-layout-horizontal","23":"has-no-thumbnails"},"jetpack_sharing_enabled":true,"_links":{"self":[{"href":"https:\/\/www.belledemaieditions.com\/index.php\/wp-json\/wp\/v2\/product\/709","targetHints":{"allow":["GET"]}}],"collection":[{"href":"https:\/\/www.belledemaieditions.com\/index.php\/wp-json\/wp\/v2\/product"}],"about":[{"href":"https:\/\/www.belledemaieditions.com\/index.php\/wp-json\/wp\/v2\/types\/product"}],"replies":[{"embeddable":true,"href":"https:\/\/www.belledemaieditions.com\/index.php\/wp-json\/wp\/v2\/comments?post=709"}],"wp:featuredmedia":[{"embeddable":true,"href":"https:\/\/www.belledemaieditions.com\/index.php\/wp-json\/wp\/v2\/media\/710"}],"wp:attachment":[{"href":"https:\/\/www.belledemaieditions.com\/index.php\/wp-json\/wp\/v2\/media?parent=709"}],"wp:term":[{"taxonomy":"product_brand","embeddable":true,"href":"https:\/\/www.belledemaieditions.com\/index.php\/wp-json\/wp\/v2\/product_brand?post=709"},{"taxonomy":"product_cat","embeddable":true,"href":"https:\/\/www.belledemaieditions.com\/index.php\/wp-json\/wp\/v2\/product_cat?post=709"},{"taxonomy":"product_tag","embeddable":true,"href":"https:\/\/www.belledemaieditions.com\/index.php\/wp-json\/wp\/v2\/product_tag?post=709"}],"curies":[{"name":"wp","href":"https:\/\/api.w.org\/{rel}","templated":true}]}}