{"id":506,"date":"2025-09-29T13:21:41","date_gmt":"2025-09-29T13:21:41","guid":{"rendered":"https:\/\/www.belledemaieditions.com\/?post_type=product&#038;p=506"},"modified":"2025-09-30T08:46:13","modified_gmt":"2025-09-30T08:46:13","slug":"lappel-au-soldat-maurice-barres","status":"publish","type":"product","link":"https:\/\/www.belledemaieditions.com\/index.php\/produit\/lappel-au-soldat-maurice-barres\/","title":{"rendered":"L\u2019Appel au soldat, Maurice Barr\u00e8s"},"content":{"rendered":"<div id=\"tab-description\" class=\"woocommerce-Tabs-panel woocommerce-Tabs-panel--description panel entry-content wc-tab\" role=\"tabpanel\" aria-labelledby=\"tab-title-description\">\n<h2>Description<\/h2>\n<h2>Maurice Barr\u00e8s<\/h2>\n<p>\u00ab\u00a0<em>L\u2019Appel au soldat<\/em>\u00a0est l\u2019\u00e9tude minutieuse d\u2019une fi\u00e8vre fran\u00e7aise, d\u2019une de ces fi\u00e8vres qui continuellement, dans notre histoire, interviennent pour nous affoler, nous mener pr\u00e8s de l\u2019ab\u00eeme ou d\u2019une convulsion instinctive nous rejeter loin du pr\u00e9cipice imminent. C\u2019est notre caract\u00e9ristique nationale, reconnue par toute l\u2019Europe, de ressentir aux moments critiques de ces frissons qui furent souvent des frissons sauveurs\u00a0\u00bb, \u00e9crivit Ren\u00e9 Jacquet dans\u00a0<em>Notre ma\u00eetre Maurice Barr\u00e8s<\/em>.\u00a0Cette fi\u00e8vre est la crise boulangiste\u00a0: Sturel s\u2019engage aupr\u00e8s du g\u00e9n\u00e9ral Boulanger, et la relation qu\u2019ils entretiennent se renforce lors d\u2019un s\u00e9jour le long de la Moselle o\u00f9 il renoue avec ses racines et durant lequel Saint-Phlin appara\u00eet comme le seul des sept amis de Nancy \u00e0 s\u2019\u00eatre affranchi de la foi kantienne qu\u2019ils apprirent du P<sup>r<\/sup>\u00a0Bouteiller.<\/p>\n<p>&nbsp;<\/p>\n<\/div>\n<div id=\"tab-additional_information\" class=\"woocommerce-Tabs-panel woocommerce-Tabs-panel--additional_information panel entry-content wc-tab\" role=\"tabpanel\" aria-labelledby=\"tab-title-additional_information\">\n<h2>Informations compl\u00e9mentaires<\/h2>\n<table class=\"woocommerce-product-attributes shop_attributes\">\n<tbody>\n<tr class=\"woocommerce-product-attributes-item woocommerce-product-attributes-item--weight\">\n<th class=\"woocommerce-product-attributes-item__label\">Poids<\/th>\n<td class=\"woocommerce-product-attributes-item__value\">0,5 kg<\/td>\n<\/tr>\n<tr class=\"woocommerce-product-attributes-item woocommerce-product-attributes-item--dimensions\">\n<th class=\"woocommerce-product-attributes-item__label\">Dimensions<\/th>\n<td class=\"woocommerce-product-attributes-item__value\">14,8 \u00d7 21 cm<\/td>\n<\/tr>\n<\/tbody>\n<\/table>\n<\/div>\n","protected":false},"excerpt":{"rendered":"<p>NOMBRE DE PAGES\u00a0 440<\/p>\n<h2>Maurice Barr\u00e8s<\/h2>\n<p>En 1900 la maison d\u2019\u00e9dition F\u00e9lix Juven publiait ce roman, second tome de la trilogie \u00ab\u00a0Le Roman de l\u2019\u00e9nergie nationale\u00a0\u00bb, qui est pr\u00e9c\u00e9d\u00e9 par\u00a0<em>Les D\u00e9racin\u00e9s<\/em>\u00a0qui parut en 1897 et qu\u2019ach\u00e8ve\u00a0<em>Leurs Figures<\/em>, sorti en 1902.<br \/>\n<a style=\"background-color: #c84949; color: white; padding: 12px 24px; font-size: 16px; font-weight: normal; font-family: Arial, sans-serif; text-decoration: none; border: none; border-radius: 30px; cursor: pointer; display: inline-block; transition: background-color 0.3s ease;\" href=\"https:\/\/www.belledemaieditions.com\/index.php\/contact\/\">Commander<br \/>\n<\/a><\/p>\n","protected":false},"featured_media":507,"comment_status":"open","ping_status":"closed","template":"","meta":{"ocean_post_layout":"","ocean_both_sidebars_style":"","ocean_both_sidebars_content_width":0,"ocean_both_sidebars_sidebars_width":0,"ocean_sidebar":"","ocean_second_sidebar":"","ocean_disable_margins":"enable","ocean_add_body_class":"","ocean_shortcode_before_top_bar":"","ocean_shortcode_after_top_bar":"","ocean_shortcode_before_header":"","ocean_shortcode_after_header":"","ocean_has_shortcode":"","ocean_shortcode_after_title":"","ocean_shortcode_before_footer_widgets":"","ocean_shortcode_after_footer_widgets":"","ocean_shortcode_before_footer_bottom":"","ocean_shortcode_after_footer_bottom":"","ocean_display_top_bar":"default","ocean_display_header":"default","ocean_header_style":"","ocean_center_header_left_menu":"","ocean_custom_header_template":"","ocean_custom_logo":0,"ocean_custom_retina_logo":0,"ocean_custom_logo_max_width":0,"ocean_custom_logo_tablet_max_width":0,"ocean_custom_logo_mobile_max_width":0,"ocean_custom_logo_max_height":0,"ocean_custom_logo_tablet_max_height":0,"ocean_custom_logo_mobile_max_height":0,"ocean_header_custom_menu":"","ocean_menu_typo_font_family":"","ocean_menu_typo_font_subset":"","ocean_menu_typo_font_size":0,"ocean_menu_typo_font_size_tablet":0,"ocean_menu_typo_font_size_mobile":0,"ocean_menu_typo_font_size_unit":"px","ocean_menu_typo_font_weight":"","ocean_menu_typo_font_weight_tablet":"","ocean_menu_typo_font_weight_mobile":"","ocean_menu_typo_transform":"","ocean_menu_typo_transform_tablet":"","ocean_menu_typo_transform_mobile":"","ocean_menu_typo_line_height":0,"ocean_menu_typo_line_height_tablet":0,"ocean_menu_typo_line_height_mobile":0,"ocean_menu_typo_line_height_unit":"","ocean_menu_typo_spacing":0,"ocean_menu_typo_spacing_tablet":0,"ocean_menu_typo_spacing_mobile":0,"ocean_menu_typo_spacing_unit":"","ocean_menu_link_color":"","ocean_menu_link_color_hover":"","ocean_menu_link_color_active":"","ocean_menu_link_background":"","ocean_menu_link_hover_background":"","ocean_menu_link_active_background":"","ocean_menu_social_links_bg":"","ocean_menu_social_hover_links_bg":"","ocean_menu_social_links_color":"","ocean_menu_social_hover_links_color":"","ocean_disable_title":"default","ocean_disable_heading":"default","ocean_post_title":"","ocean_post_subheading":"","ocean_post_title_style":"","ocean_post_title_background_color":"","ocean_post_title_background":0,"ocean_post_title_bg_image_position":"","ocean_post_title_bg_image_attachment":"","ocean_post_title_bg_image_repeat":"","ocean_post_title_bg_image_size":"","ocean_post_title_height":0,"ocean_post_title_bg_overlay":0.5,"ocean_post_title_bg_overlay_color":"","ocean_disable_breadcrumbs":"default","ocean_breadcrumbs_color":"","ocean_breadcrumbs_separator_color":"","ocean_breadcrumbs_links_color":"","ocean_breadcrumbs_links_hover_color":"","ocean_display_footer_widgets":"default","ocean_display_footer_bottom":"default","ocean_custom_footer_template":""},"product_brand":[],"product_cat":[19],"product_tag":[],"class_list":{"0":"post-506","1":"product","2":"type-product","3":"status-publish","4":"has-post-thumbnail","6":"product_cat-romans","8":"entry","9":"has-media","11":"first","12":"instock","13":"shipping-taxable","14":"purchasable","15":"product-type-simple","16":"has-product-nav","17":"col","18":"span_1_of_3","19":"owp-content-center","20":"owp-thumbs-layout-horizontal","21":"owp-btn-normal","22":"owp-tabs-layout-horizontal","23":"has-no-thumbnails"},"jetpack_sharing_enabled":true,"_links":{"self":[{"href":"https:\/\/www.belledemaieditions.com\/index.php\/wp-json\/wp\/v2\/product\/506","targetHints":{"allow":["GET"]}}],"collection":[{"href":"https:\/\/www.belledemaieditions.com\/index.php\/wp-json\/wp\/v2\/product"}],"about":[{"href":"https:\/\/www.belledemaieditions.com\/index.php\/wp-json\/wp\/v2\/types\/product"}],"replies":[{"embeddable":true,"href":"https:\/\/www.belledemaieditions.com\/index.php\/wp-json\/wp\/v2\/comments?post=506"}],"wp:featuredmedia":[{"embeddable":true,"href":"https:\/\/www.belledemaieditions.com\/index.php\/wp-json\/wp\/v2\/media\/507"}],"wp:attachment":[{"href":"https:\/\/www.belledemaieditions.com\/index.php\/wp-json\/wp\/v2\/media?parent=506"}],"wp:term":[{"taxonomy":"product_brand","embeddable":true,"href":"https:\/\/www.belledemaieditions.com\/index.php\/wp-json\/wp\/v2\/product_brand?post=506"},{"taxonomy":"product_cat","embeddable":true,"href":"https:\/\/www.belledemaieditions.com\/index.php\/wp-json\/wp\/v2\/product_cat?post=506"},{"taxonomy":"product_tag","embeddable":true,"href":"https:\/\/www.belledemaieditions.com\/index.php\/wp-json\/wp\/v2\/product_tag?post=506"}],"curies":[{"name":"wp","href":"https:\/\/api.w.org\/{rel}","templated":true}]}}