{"id":285,"date":"2025-09-25T13:42:31","date_gmt":"2025-09-25T13:42:31","guid":{"rendered":"https:\/\/www.belledemaieditions.com\/?page_id=285"},"modified":"2025-10-14T12:27:24","modified_gmt":"2025-10-14T12:27:24","slug":"elementor-285","status":"publish","type":"page","link":"https:\/\/www.belledemaieditions.com\/index.php\/elementor-285\/","title":{"rendered":"MENTIONS L\u00c9GALES"},"content":{"rendered":"\t\t<div data-elementor-type=\"wp-page\" data-elementor-id=\"285\" class=\"elementor elementor-285\">\n\t\t\t\t<div class=\"elementor-element elementor-element-7cbe6a1f e-flex e-con-boxed e-con e-parent\" data-id=\"7cbe6a1f\" data-element_type=\"container\" data-settings=\"{&quot;background_background&quot;:&quot;classic&quot;}\">\n\t\t\t\t\t<div class=\"e-con-inner\">\n\t\t\t\t<div class=\"elementor-element elementor-element-73b6f5f8 elementor-widget elementor-widget-heading\" data-id=\"73b6f5f8\" data-element_type=\"widget\" data-widget_type=\"heading.default\">\n\t\t\t\t\t<h3 class=\"elementor-heading-title elementor-size-default\">MENTIONS L\u00c9GALES<\/h3>\t\t\t\t<\/div>\n\t\t\t\t<div class=\"elementor-element elementor-element-1e169a81 elementor-widget elementor-widget-text-editor\" data-id=\"1e169a81\" data-element_type=\"widget\" data-widget_type=\"text-editor.default\">\n\t\t\t\t\t\t\t\t\t<h2 class=\"wp-block-heading\">\u00c9DITEUR<\/h2><p>Le site internet\u00a0<a href=\"https:\/\/web.archive.org\/web\/20231101065014\/http:\/\/www.editionsbelledemai.com\/\">http:\/\/www.editionsbelledemai.com<\/a>\u00a0est \u00e9dite par la soci\u00e9t\u00e9 (entreprise individuelle) BELLE-DE-MAI \u00c9DITIONS.<\/p><h2 class=\"wp-block-heading\">Siret :<\/h2><p>80851809600025<\/p><h2 class=\"wp-block-heading\">Directeur de la publication : R\u00e9mi Hugues<\/h2><h2 class=\"wp-block-heading\">Contact libraires et particuliers :<\/h2><p><a href=\"https:\/\/web.archive.org\/web\/20231101065014\/mailto:commande.b2m@laposte.net\" target=\"_blank\" rel=\"noreferrer noopener\">commande.b2m@laposte.net<\/a><\/p><h2 class=\"wp-block-heading\">Contacter le service communication :\u00a0<\/h2><p><a href=\"https:\/\/web.archive.org\/web\/20231101065014\/mailto:com.b2m@laposte.net\" target=\"_blank\" rel=\"noreferrer noopener\">com.b2m@laposte.net<\/a><\/p><h2 class=\"wp-block-heading\">Contact service apr\u00e8s vente :<\/h2><p><a href=\"https:\/\/web.archive.org\/web\/20231101065014\/mailto:sav.b2m@laposte.net\" target=\"_blank\" rel=\"noreferrer noopener\">sav.b2m@laposte.net<\/a><\/p><h2 class=\"wp-block-heading\">Cr\u00e9ateur :<\/h2><p><a href=\"https:\/\/web.archive.org\/web\/20231101065014\/https:\/\/jaqsdesign.com\/\">JaqsDesign<\/a>\u00a031 Rue Antoine R\u00e9, 13010 Marseille\u00a0<a href=\"https:\/\/web.archive.org\/web\/20231101065014\/http:\/\/www.jaqsdesign.com\/\" target=\"_blank\" rel=\"noreferrer noopener\">http:\/\/www.jaqsdesign.com<\/a><\/p><h2 class=\"wp-block-heading\">H\u00e9bergeur du site :\u00a0<\/h2><p>Soci\u00e9t\u00e9 OVH Adresse : 2 rue Kellermann \u2013 59100 Roubaix<\/p><h3 class=\"wp-block-heading\">L\u2019int\u00e9gralit\u00e9 du site est la propri\u00e9t\u00e9 exclusive de la soci\u00e9t\u00e9 BELLE-DE-MAI \u00c9DITIONS. Aucune reproduction ou repr\u00e9sentation, m\u00eame partielle, ne peut avoir lieu sans le consentement \u00e9crit et pr\u00e9alable de BELLE-DE-MAI \u00c9DITIONS.<\/h3>\t\t\t\t\t\t\t\t<\/div>\n\t\t\t\t\t<\/div>\n\t\t\t\t<\/div>\n\t\t<footer class=\"elementor-element elementor-element-8ea5ddf e-con-full e-flex e-con e-parent\" data-id=\"8ea5ddf\" data-element_type=\"container\" data-settings=\"{&quot;background_background&quot;:&quot;classic&quot;}\">\n\t\t<div class=\"elementor-element elementor-element-23d049d4 e-con-full e-flex e-con e-child\" data-id=\"23d049d4\" data-element_type=\"container\">\n\t\t\t\t<div class=\"elementor-element elementor-element-40caaf6f elementor-widget elementor-widget-image\" data-id=\"40caaf6f\" data-element_type=\"widget\" data-widget_type=\"image.default\">\n\t\t\t\t\t\t\t\t\t\t\t\t\t\t\t\t<a href=\"https:\/\/www.belledemaieditions.com\/\">\n\t\t\t\t\t\t\t<img decoding=\"async\" src=\"https:\/\/www.belledemaieditions.com\/wp-content\/uploads\/2025\/09\/logo-b-n.png\" title=\"logo-b-n\" alt=\"logo-b-n\" loading=\"lazy\" \/>\t\t\t\t\t\t\t\t<\/a>\n\t\t\t\t\t\t\t\t\t\t\t\t\t\t\t<\/div>\n\t\t\t\t<\/div>\n\t\t<div class=\"elementor-element elementor-element-79c92094 e-con-full e-flex e-con e-child\" data-id=\"79c92094\" data-element_type=\"container\">\n\t\t\t\t<div class=\"elementor-element elementor-element-5d7ab531 elementor-icon-list--layout-inline elementor-tablet-align-center elementor-align-center elementor-list-item-link-full_width elementor-widget elementor-widget-icon-list\" data-id=\"5d7ab531\" data-element_type=\"widget\" data-widget_type=\"icon-list.default\">\n\t\t\t\t\t\t\t<ul class=\"elementor-icon-list-items elementor-inline-items\">\n\t\t\t\t\t\t\t<li class=\"elementor-icon-list-item elementor-inline-item\">\n\t\t\t\t\t\t\t\t\t\t\t<a href=\"https:\/\/www.belledemaieditions.com\/index.php\/contact\/\">\n\n\t\t\t\t\t\t\t\t\t\t\t<span class=\"elementor-icon-list-text\">Contactez-nous<\/span>\n\t\t\t\t\t\t\t\t\t\t\t<\/a>\n\t\t\t\t\t\t\t\t\t<\/li>\n\t\t\t\t\t\t<\/ul>\n\t\t\t\t\t\t<\/div>\n\t\t\t\t<\/div>\n\t\t<div class=\"elementor-element elementor-element-12999e8c e-con-full e-flex e-con e-child\" data-id=\"12999e8c\" data-element_type=\"container\">\n\t\t\t\t<div class=\"elementor-element elementor-element-7f9e4ef8 elementor-icon-list--layout-inline elementor-tablet-align-center elementor-align-center elementor-list-item-link-full_width elementor-widget elementor-widget-icon-list\" data-id=\"7f9e4ef8\" data-element_type=\"widget\" data-widget_type=\"icon-list.default\">\n\t\t\t\t\t\t\t<ul class=\"elementor-icon-list-items elementor-inline-items\">\n\t\t\t\t\t\t\t<li class=\"elementor-icon-list-item elementor-inline-item\">\n\t\t\t\t\t\t\t\t\t\t\t<a href=\"https:\/\/www.belledemaieditions.com\/index.php\/conditions-generales-de-vente-cgv\/\">\n\n\t\t\t\t\t\t\t\t\t\t\t<span class=\"elementor-icon-list-text\">CGV<\/span>\n\t\t\t\t\t\t\t\t\t\t\t<\/a>\n\t\t\t\t\t\t\t\t\t<\/li>\n\t\t\t\t\t\t\t\t<li class=\"elementor-icon-list-item elementor-inline-item\">\n\t\t\t\t\t\t\t\t\t\t\t<a href=\"https:\/\/www.belledemaieditions.com\/index.php\/elementor-285\/\">\n\n\t\t\t\t\t\t\t\t\t\t\t<span class=\"elementor-icon-list-text\">MENTIONS L\u00c9GALES<\/span>\n\t\t\t\t\t\t\t\t\t\t\t<\/a>\n\t\t\t\t\t\t\t\t\t<\/li>\n\t\t\t\t\t\t<\/ul>\n\t\t\t\t\t\t<\/div>\n\t\t\t\t<\/div>\n\t\t\t\t<\/footer>\n\t\t<div class=\"elementor-element elementor-element-247de749 e-flex e-con-boxed e-con e-parent\" data-id=\"247de749\" data-element_type=\"container\" data-settings=\"{&quot;background_background&quot;:&quot;classic&quot;}\">\n\t\t\t\t\t<div class=\"e-con-inner\">\n\t\t<div class=\"elementor-element elementor-element-45519725 e-con-full e-flex e-con e-child\" data-id=\"45519725\" data-element_type=\"container\">\n\t\t\t\t<div class=\"elementor-element elementor-element-7c73d86b elementor-icon-list--layout-inline elementor-tablet-align-center elementor-align-center elementor-list-item-link-full_width elementor-widget elementor-widget-icon-list\" data-id=\"7c73d86b\" data-element_type=\"widget\" data-widget_type=\"icon-list.default\">\n\t\t\t\t\t\t\t<ul class=\"elementor-icon-list-items elementor-inline-items\">\n\t\t\t\t\t\t\t<li class=\"elementor-icon-list-item elementor-inline-item\">\n\t\t\t\t\t\t\t\t\t\t<span class=\"elementor-icon-list-text\">Copyright 2023 - Belle de Mai \u00c9dition<\/span>\n\t\t\t\t\t\t\t\t\t<\/li>\n\t\t\t\t\t\t\t\t<li class=\"elementor-icon-list-item elementor-inline-item\">\n\t\t\t\t\t\t\t\t\t\t\t<a href=\"https:\/\/jaqsdesign.com\/\">\n\n\t\t\t\t\t\t\t\t\t\t\t<span class=\"elementor-icon-list-text\"> Website developed by Jaqsdesign<\/span>\n\t\t\t\t\t\t\t\t\t\t\t<\/a>\n\t\t\t\t\t\t\t\t\t<\/li>\n\t\t\t\t\t\t<\/ul>\n\t\t\t\t\t\t<\/div>\n\t\t\t\t<\/div>\n\t\t\t\t\t<\/div>\n\t\t\t\t<\/div>\n\t\t\t\t<\/div>\n\t\t","protected":false},"excerpt":{"rendered":"<p>MENTIONS L\u00c9GALES \u00c9DITEUR Le site internet\u00a0http:\/\/www.editionsbelledemai.com\u00a0est \u00e9dite par la soci\u00e9t\u00e9 (entreprise individuelle) BELLE-DE-MAI \u00c9DITIONS. Siret : 80851809600025 Directeur de la publication : R\u00e9mi Hugues Contact libraires et particuliers : commande.b2m@laposte.net Contacter le service communication :\u00a0 com.b2m@laposte.net Contact service apr\u00e8s vente : sav.b2m@laposte.net Cr\u00e9ateur : JaqsDesign\u00a031 Rue Antoine R\u00e9, 13010 Marseille\u00a0http:\/\/www.jaqsdesign.com H\u00e9bergeur du site :\u00a0 Soci\u00e9t\u00e9 [&hellip;]<\/p>\n","protected":false},"author":1,"featured_media":0,"parent":0,"menu_order":0,"comment_status":"closed","ping_status":"closed","template":"elementor_header_footer","meta":{"ocean_post_layout":"","ocean_both_sidebars_style":"","ocean_both_sidebars_content_width":0,"ocean_both_sidebars_sidebars_width":0,"ocean_sidebar":"","ocean_second_sidebar":"","ocean_disable_margins":"enable","ocean_add_body_class":"","ocean_shortcode_before_top_bar":"","ocean_shortcode_after_top_bar":"","ocean_shortcode_before_header":"","ocean_shortcode_after_header":"","ocean_has_shortcode":"","ocean_shortcode_after_title":"","ocean_shortcode_before_footer_widgets":"","ocean_shortcode_after_footer_widgets":"","ocean_shortcode_before_footer_bottom":"","ocean_shortcode_after_footer_bottom":"","ocean_display_top_bar":"default","ocean_display_header":"default","ocean_header_style":"","ocean_center_header_left_menu":"","ocean_custom_header_template":"","ocean_custom_logo":0,"ocean_custom_retina_logo":0,"ocean_custom_logo_max_width":0,"ocean_custom_logo_tablet_max_width":0,"ocean_custom_logo_mobile_max_width":0,"ocean_custom_logo_max_height":0,"ocean_custom_logo_tablet_max_height":0,"ocean_custom_logo_mobile_max_height":0,"ocean_header_custom_menu":"","ocean_menu_typo_font_family":"","ocean_menu_typo_font_subset":"","ocean_menu_typo_font_size":0,"ocean_menu_typo_font_size_tablet":0,"ocean_menu_typo_font_size_mobile":0,"ocean_menu_typo_font_size_unit":"px","ocean_menu_typo_font_weight":"","ocean_menu_typo_font_weight_tablet":"","ocean_menu_typo_font_weight_mobile":"","ocean_menu_typo_transform":"","ocean_menu_typo_transform_tablet":"","ocean_menu_typo_transform_mobile":"","ocean_menu_typo_line_height":0,"ocean_menu_typo_line_height_tablet":0,"ocean_menu_typo_line_height_mobile":0,"ocean_menu_typo_line_height_unit":"","ocean_menu_typo_spacing":0,"ocean_menu_typo_spacing_tablet":0,"ocean_menu_typo_spacing_mobile":0,"ocean_menu_typo_spacing_unit":"","ocean_menu_link_color":"","ocean_menu_link_color_hover":"","ocean_menu_link_color_active":"","ocean_menu_link_background":"","ocean_menu_link_hover_background":"","ocean_menu_link_active_background":"","ocean_menu_social_links_bg":"","ocean_menu_social_hover_links_bg":"","ocean_menu_social_links_color":"","ocean_menu_social_hover_links_color":"","ocean_disable_title":"default","ocean_disable_heading":"default","ocean_post_title":"","ocean_post_subheading":"","ocean_post_title_style":"","ocean_post_title_background_color":"","ocean_post_title_background":0,"ocean_post_title_bg_image_position":"","ocean_post_title_bg_image_attachment":"","ocean_post_title_bg_image_repeat":"","ocean_post_title_bg_image_size":"","ocean_post_title_height":0,"ocean_post_title_bg_overlay":0.5,"ocean_post_title_bg_overlay_color":"","ocean_disable_breadcrumbs":"default","ocean_breadcrumbs_color":"","ocean_breadcrumbs_separator_color":"","ocean_breadcrumbs_links_color":"","ocean_breadcrumbs_links_hover_color":"","ocean_display_footer_widgets":"default","ocean_display_footer_bottom":"default","ocean_custom_footer_template":"","footnotes":""},"class_list":["post-285","page","type-page","status-publish","hentry","entry","owp-thumbs-layout-horizontal","owp-btn-normal","owp-tabs-layout-horizontal","has-no-thumbnails","has-product-nav"],"jetpack_sharing_enabled":true,"_links":{"self":[{"href":"https:\/\/www.belledemaieditions.com\/index.php\/wp-json\/wp\/v2\/pages\/285","targetHints":{"allow":["GET"]}}],"collection":[{"href":"https:\/\/www.belledemaieditions.com\/index.php\/wp-json\/wp\/v2\/pages"}],"about":[{"href":"https:\/\/www.belledemaieditions.com\/index.php\/wp-json\/wp\/v2\/types\/page"}],"author":[{"embeddable":true,"href":"https:\/\/www.belledemaieditions.com\/index.php\/wp-json\/wp\/v2\/users\/1"}],"replies":[{"embeddable":true,"href":"https:\/\/www.belledemaieditions.com\/index.php\/wp-json\/wp\/v2\/comments?post=285"}],"version-history":[{"count":34,"href":"https:\/\/www.belledemaieditions.com\/index.php\/wp-json\/wp\/v2\/pages\/285\/revisions"}],"predecessor-version":[{"id":1219,"href":"https:\/\/www.belledemaieditions.com\/index.php\/wp-json\/wp\/v2\/pages\/285\/revisions\/1219"}],"wp:attachment":[{"href":"https:\/\/www.belledemaieditions.com\/index.php\/wp-json\/wp\/v2\/media?parent=285"}],"curies":[{"name":"wp","href":"https:\/\/api.w.org\/{rel}","templated":true}]}}