{"id":19,"date":"2025-09-24T14:59:31","date_gmt":"2025-09-24T14:59:31","guid":{"rendered":"https:\/\/www.belledemaieditions.com\/index.php\/about\/"},"modified":"2025-10-01T13:13:09","modified_gmt":"2025-10-01T13:13:09","slug":"qui-sommes-nous","status":"publish","type":"page","link":"https:\/\/www.belledemaieditions.com\/index.php\/qui-sommes-nous\/","title":{"rendered":"Qui sommes-nous ?"},"content":{"rendered":"\t\t<div data-elementor-type=\"wp-page\" data-elementor-id=\"19\" class=\"elementor elementor-19\">\n\t\t\t\t<div class=\"elementor-element elementor-element-1317c08f e-con-full e-flex e-con e-parent\" data-id=\"1317c08f\" data-element_type=\"container\">\n\t\t<div class=\"elementor-element elementor-element-6bf3945e e-con-full e-flex e-con e-child\" data-id=\"6bf3945e\" data-element_type=\"container\">\n\t\t\t\t<div class=\"elementor-element elementor-element-258f778 elementor-widget elementor-widget-image\" data-id=\"258f778\" data-element_type=\"widget\" data-widget_type=\"image.default\">\n\t\t\t\t\t\t\t\t\t\t\t\t\t\t\t<img fetchpriority=\"high\" decoding=\"async\" width=\"950\" height=\"950\" src=\"https:\/\/www.belledemaieditions.com\/wp-content\/uploads\/2025\/09\/qui-sommes-nous-ok.webp\" class=\"attachment-full size-full wp-image-201\" alt=\"\" srcset=\"https:\/\/www.belledemaieditions.com\/wp-content\/uploads\/2025\/09\/qui-sommes-nous-ok.webp 950w, https:\/\/www.belledemaieditions.com\/wp-content\/uploads\/2025\/09\/qui-sommes-nous-ok-300x300.webp 300w, https:\/\/www.belledemaieditions.com\/wp-content\/uploads\/2025\/09\/qui-sommes-nous-ok-100x100.webp 100w, https:\/\/www.belledemaieditions.com\/wp-content\/uploads\/2025\/09\/qui-sommes-nous-ok-800x800.webp 800w, https:\/\/www.belledemaieditions.com\/wp-content\/uploads\/2025\/09\/qui-sommes-nous-ok-150x150.webp 150w, https:\/\/www.belledemaieditions.com\/wp-content\/uploads\/2025\/09\/qui-sommes-nous-ok-768x768.webp 768w, https:\/\/www.belledemaieditions.com\/wp-content\/uploads\/2025\/09\/qui-sommes-nous-ok-600x600.webp 600w\" sizes=\"(max-width: 950px) 100vw, 950px\" \/>\t\t\t\t\t\t\t\t\t\t\t\t\t\t\t<\/div>\n\t\t\t\t<\/div>\n\t\t<div class=\"elementor-element elementor-element-1d1ceeb7 e-con-full e-flex e-con e-child\" data-id=\"1d1ceeb7\" data-element_type=\"container\">\n\t\t\t\t<div class=\"elementor-element elementor-element-5441cb66 elementor-widget elementor-widget-heading\" data-id=\"5441cb66\" data-element_type=\"widget\" data-widget_type=\"heading.default\">\n\t\t\t\t\t<h1 class=\"elementor-heading-title elementor-size-default\">Qui sommes-nous ?<\/h1>\t\t\t\t<\/div>\n\t\t\t\t<div class=\"elementor-element elementor-element-6321f01 elementor-widget elementor-widget-text-editor\" data-id=\"6321f01\" data-element_type=\"widget\" data-widget_type=\"text-editor.default\">\n\t\t\t\t\t\t\t\t\t<p class=\"has-text-align-center\">\u00a0Fond\u00e9e en 2020 par R\u00e9mi Hugues, enseignant-chercheur ind\u00e9pendant dipl\u00f4m\u00e9 de Sciences Po Paris n\u00e9 en 1990 et vivant \u00e0 Marseille, Belle-de-Mai \u00c9ditions ambitionne de mettre en valeur les grands noms qui jalonnent l\u2019histoire de la litt\u00e9rature.<\/p><p class=\"has-text-align-center\">Anim\u00e9e d\u2019un esprit patriotique \u2013 charit\u00e9 ordonn\u00e9e commen\u00e7ant par soi-m\u00eame \u2013, cette maison d\u2019\u00e9dition s\u2019attache \u00e0 choisir en priorit\u00e9 des auteurs qui figurent parmi de ce qu\u2019il y a de plus illustre dans le patrimoine litt\u00e9raire fran\u00e7ais.<\/p>\t\t\t\t\t\t\t\t<\/div>\n\t\t\t\t<\/div>\n\t\t\t\t<\/div>\n\t\t<div class=\"elementor-element elementor-element-3e29ee5e e-flex e-con-boxed e-con e-parent\" data-id=\"3e29ee5e\" data-element_type=\"container\">\n\t\t\t\t\t<div class=\"e-con-inner\">\n\t\t\t\t<div class=\"elementor-element elementor-element-4adcbfa3 elementor-widget elementor-widget-text-editor\" data-id=\"4adcbfa3\" data-element_type=\"widget\" data-widget_type=\"text-editor.default\">\n\t\t\t\t\t\t\t\t\t<p>\u00a0<\/p><p><!-- \/wp:paragraph --><\/p><p><!-- wp:quote --><\/p><blockquote class=\"wp-block-quote\"><p>Si l\u2019accent est mis sur des \u00e9crivains royalistes, notamment ceux dont les ouvrages ne sont plus propos\u00e9s ailleurs, notre catalogue est ouvert \u00e0 tous ceux qui ont particip\u00e9 \u00e0 la grande \u0153uvre de l\u2019Intelligence humaine.<\/p><\/blockquote><p><!-- \/wp:quote --><\/p><p><!-- wp:paragraph --><\/p><p>Essais, romans, pi\u00e8ces de th\u00e9\u00e2tre, pamphlets, recueils de po\u00e9sie\u2026 tous les genres sont les bienvenus, tant que leur contenu est constitutif du mouvement pointant du doigt les travers de la modernit\u00e9.\u200b<\/p><p><!-- \/wp:paragraph --><\/p><p><!-- wp:quote --><\/p><blockquote class=\"wp-block-quote\"><p>Il ne s\u2019agit de pas de ha\u00efr le pr\u00e9sent et ses productions, mais de le vivre du mieux possible, gr\u00e2ce \u00e0 l\u2019apport du legs des g\u00e9nies pass\u00e9s. Aussi, nous entendons continuer la culture grecque, \u00e0 qui se sont adjointes les \u00e9pop\u00e9es abrahamique et romaine, de l\u2019Antiquit\u00e9 jusqu\u2019au Moyen \u00c2ge, ce qui donna la scolastique, l\u2019humanisme de la Renaissance puis le classicisme.<\/p><\/blockquote><p><!-- \/wp:quote --><\/p><p><!-- wp:paragraph --><\/p><p>Ce projet entrepreneurial est innovant. Notre fonctionnement diff\u00e8re de beaucoup des autres maisons d\u2019\u00e9dition. Il s\u2019appuie sur ce qui a de plus avanc\u00e9 en mati\u00e8re de technologie, au service du principe de base sur lequel doit reposer toute soci\u00e9t\u00e9 \u00e0 but lucratif : minimiser les co\u00fbts et maximiser les b\u00e9n\u00e9fices.\u200b<\/p><p>Voici, au point de d\u00e9part de l\u2019existence de Belle-de-Mai \u00c9ditions ce qui motive son d\u00e9veloppement, en sachant que l\u2019objectif \u00e0 terme est de pouvoir offrir \u00e0 la nouvelle g\u00e9n\u00e9ration d\u2019artistes et d\u2019intellectuels de la Tradition une structure suffisamment solide et comp\u00e9tente pour lui permettre de disposer de ce luxe qu\u2019est de vivre de sa plume, et donc de se consacrer exclusivement \u00e0 ce noble et ardent combat qu\u2019est la cause du Roi.<br \/>Acheter nos livres ce n\u2019est pas seulement se cultiver, c\u2019est aussi entretenir la flamme de la France.\u200b<\/p><p><!-- \/wp:paragraph --><\/p>\t\t\t\t\t\t\t\t<\/div>\n\t\t\t\t\t<\/div>\n\t\t\t\t<\/div>\n\t\t<div class=\"elementor-element elementor-element-b3f2991 e-con-full e-flex e-con e-parent\" data-id=\"b3f2991\" data-element_type=\"container\" data-settings=\"{&quot;background_background&quot;:&quot;slideshow&quot;,&quot;background_slideshow_gallery&quot;:[{&quot;id&quot;:206,&quot;url&quot;:&quot;http:\\\/\\\/www.belledemaieditions.com\\\/wp-content\\\/uploads\\\/2025\\\/09\\\/belle-de-mai.webp&quot;}],&quot;background_slideshow_loop&quot;:&quot;yes&quot;,&quot;background_slideshow_slide_duration&quot;:5000,&quot;background_slideshow_slide_transition&quot;:&quot;fade&quot;,&quot;background_slideshow_transition_duration&quot;:500}\">\n\t\t\t\t<\/div>\n\t\t<div class=\"elementor-element elementor-element-52a7d685 e-con-full e-flex e-con e-parent\" data-id=\"52a7d685\" data-element_type=\"container\" data-settings=\"{&quot;background_background&quot;:&quot;classic&quot;}\">\n\t\t<div class=\"elementor-element elementor-element-648524b2 e-con-full e-flex e-con e-child\" data-id=\"648524b2\" data-element_type=\"container\">\n\t\t<div class=\"elementor-element elementor-element-27223576 e-con-full e-flex e-con e-child\" data-id=\"27223576\" data-element_type=\"container\">\n\t\t\t\t<div class=\"elementor-element elementor-element-1ca6885 elementor-widget elementor-widget-image\" data-id=\"1ca6885\" data-element_type=\"widget\" data-widget_type=\"image.default\">\n\t\t\t\t\t\t\t\t\t\t\t\t\t\t\t<img decoding=\"async\" width=\"621\" height=\"170\" src=\"https:\/\/www.belledemaieditions.com\/wp-content\/uploads\/2025\/09\/cropped-logo-Belle-de-Mai-editions.png\" class=\"attachment-large size-large wp-image-88\" alt=\"\" srcset=\"https:\/\/www.belledemaieditions.com\/wp-content\/uploads\/2025\/09\/cropped-logo-Belle-de-Mai-editions.png 621w, https:\/\/www.belledemaieditions.com\/wp-content\/uploads\/2025\/09\/cropped-logo-Belle-de-Mai-editions-300x82.png 300w, https:\/\/www.belledemaieditions.com\/wp-content\/uploads\/2025\/09\/cropped-logo-Belle-de-Mai-editions-600x164.png 600w\" sizes=\"(max-width: 621px) 100vw, 621px\" \/>\t\t\t\t\t\t\t\t\t\t\t\t\t\t\t<\/div>\n\t\t\t\t<\/div>\n\t\t<div class=\"elementor-element elementor-element-2e8784d5 e-con-full e-flex e-con e-child\" data-id=\"2e8784d5\" data-element_type=\"container\">\n\t\t\t\t<div class=\"elementor-element elementor-element-3ec9101 elementor-widget elementor-widget-heading\" data-id=\"3ec9101\" data-element_type=\"widget\" data-widget_type=\"heading.default\">\n\t\t\t\t\t<h2 class=\"elementor-heading-title elementor-size-default\">Pourquoi Belle-de-Mai ?<\/h2>\t\t\t\t<\/div>\n\t\t\t\t<div class=\"elementor-element elementor-element-322edb2e elementor-widget elementor-widget-testimonial\" data-id=\"322edb2e\" data-element_type=\"widget\" data-widget_type=\"testimonial.default\">\n\t\t\t\t\t\t\t<div class=\"elementor-testimonial-wrapper\">\n\t\t\t\t\t\t\t<div class=\"elementor-testimonial-content\">C\u2019est le nom d\u2019un quartier de Marseille, situ\u00e9 non loin de la gare Saint-Charles, d\u2019o\u00f9 est partie l\u2019id\u00e9e de cr\u00e9er une maison d\u2019\u00e9dition sp\u00e9cialis\u00e9e dans la publication d\u2019ouvrages libre de droit rares ou \u00e9puis\u00e9s.<\/div>\n\t\t\t\n\t\t\t\t\t<\/div>\n\t\t\t\t\t\t<\/div>\n\t\t\t\t<div class=\"elementor-element elementor-element-bd4ec19 elementor-widget elementor-widget-testimonial\" data-id=\"bd4ec19\" data-element_type=\"widget\" data-widget_type=\"testimonial.default\">\n\t\t\t\t\t\t\t<div class=\"elementor-testimonial-wrapper\">\n\t\t\t\t\t\t\t<div class=\"elementor-testimonial-content\">Trois raisons justifient un tel choix.<\/div>\n\t\t\t\n\t\t\t\t\t<\/div>\n\t\t\t\t\t\t<\/div>\n\t\t\t\t<div class=\"elementor-element elementor-element-371898d elementor-widget elementor-widget-testimonial\" data-id=\"371898d\" data-element_type=\"widget\" data-widget_type=\"testimonial.default\">\n\t\t\t\t\t\t\t<div class=\"elementor-testimonial-wrapper\">\n\t\t\t\t\t\t\t<div class=\"elementor-testimonial-content\">            D\u2019abord car le mot \u00ab Belle \u00bb renvoie \u00e0 la beaut\u00e9, \u00e0 l\u2019esth\u00e9tique, \u00e0 l\u2019art. Il est important de souligner l\u2019importance des arts pour l\u2019\u00eatre humain, de m\u00eame que rappeler cette consid\u00e9ration h\u00e9rit\u00e9e des anciens selon laquelle il y a identit\u00e9 du Beau, du Bien et du Vrai. Les ouvrages qui composent notre catalogue remplissent ces trois crit\u00e8res. Ils ne sont pas un simple contenant de connaissances, ce sont des \u0153uvres d\u2019art \u00e0 part enti\u00e8re. C\u2019est pourquoi nous exigeons une qualit\u00e9 irr\u00e9prochable pour ce qui est de la mise en page, du papier et de l\u2019iconographie, ainsi que des prestataires avec qui nous travaillons.            <\/div>\n\t\t\t\n\t\t\t\t\t<\/div>\n\t\t\t\t\t\t<\/div>\n\t\t\t\t<div class=\"elementor-element elementor-element-ad41963 elementor-widget elementor-widget-testimonial\" data-id=\"ad41963\" data-element_type=\"widget\" data-widget_type=\"testimonial.default\">\n\t\t\t\t\t\t\t<div class=\"elementor-testimonial-wrapper\">\n\t\t\t\t\t\t\t<div class=\"elementor-testimonial-content\">        Ensuite, le terme \u00ab Mai \u00bb rev\u00eat une dimension mariale, puisqu\u2019il est de coutume de consid\u00e9rer ce mois comme celui de Marie, laquelle, juch\u00e9e depuis ce promontoire o\u00f9 est b\u00e2tie la basilique Notre-Dame-de-la-Garde, surplombe la ville de Marseille. Mieux, elle r\u00e8gne sur la Cit\u00e9 phoc\u00e9enne. Ainsi \u00ab Mai \u00bb vient renforcer ce que connote \u00ab Belle \u00bb.<\/div>\n\t\t\t\n\t\t\t\t\t<\/div>\n\t\t\t\t\t\t<\/div>\n\t\t\t\t<\/div>\n\t\t<div class=\"elementor-element elementor-element-1001bc5 e-con-full e-flex e-con e-child\" data-id=\"1001bc5\" data-element_type=\"container\">\n\t\t\t\t<div class=\"elementor-element elementor-element-d6321a7 elementor-widget elementor-widget-testimonial\" data-id=\"d6321a7\" data-element_type=\"widget\" data-widget_type=\"testimonial.default\">\n\t\t\t\t\t\t\t<div class=\"elementor-testimonial-wrapper\">\n\t\t\t\t\t\t\t<div class=\"elementor-testimonial-content\">\u00c0 cet \u00e9gard le quartier de la Belle-de-Mai doit son nom aux pr\u00e9s fleuris qui le recouvraient pendant le printemps, aux temps o\u00f9 il \u00e9tait encore semi-rural. L\u2019on y organisait des concours de beaut\u00e9 durant lesquels les jeunes filles qui y participaient s\u2019ornaient de fleurs qu\u2019elles cueillaient dans les champs pour se rendre encore plus resplendissantes.<\/div>\n\t\t\t\n\t\t\t\t\t<\/div>\n\t\t\t\t\t\t<\/div>\n\t\t\t\t<div class=\"elementor-element elementor-element-5c26e42 elementor-widget elementor-widget-testimonial\" data-id=\"5c26e42\" data-element_type=\"widget\" data-widget_type=\"testimonial.default\">\n\t\t\t\t\t\t\t<div class=\"elementor-testimonial-wrapper\">\n\t\t\t\t\t\t\t<div class=\"elementor-testimonial-content\">            Enfin, du fait de l\u2019industrialisation le quartier s\u2019urbanisa et ces champs disparurent. Puis, \u00e0 partir de la fin du XXe si\u00e8cle, ce fut au tour des usines de dispara\u00eetre. Ces fermetures le paup\u00e9risa grandement, le transformant en lieu d\u2019arriv\u00e9e des vagues d\u2019immigration successives, ce qui fait qu\u2019il est aujourd\u2019hui le quartier le plus pauvre d\u2019Europe. De la mauvaise r\u00e9putation qui d\u00e9sormais est associ\u00e9e \u00e0 ce nom, nous sommes en mesure d\u2019en tirer profit, si nous reprenons la d\u00e9marche baudelairienne des Fleurs du Mal. Le po\u00e8te se voulait un alchimiste ; ces \u00e9crits \u00e9tant sa pierre philosophale, ayant la propri\u00e9t\u00e9 de m\u00e9tamorphoser la \u00ab boue \u00bb, le vil, en \u00ab or \u00bb, le sublime. Choisir comme nom d\u2019entreprise un des endroit des plus mal fam\u00e9s suit cette logique.<\/div>\n\t\t\t\n\t\t\t\t\t<\/div>\n\t\t\t\t\t\t<\/div>\n\t\t\t\t<div class=\"elementor-element elementor-element-3989f0d elementor-widget elementor-widget-testimonial\" data-id=\"3989f0d\" data-element_type=\"widget\" data-widget_type=\"testimonial.default\">\n\t\t\t\t\t\t\t<div class=\"elementor-testimonial-wrapper\">\n\t\t\t\t\t\t\t<div class=\"elementor-testimonial-content\">\n\n            Par souci de coh\u00e9rence, nous tenons \u00e0 ce que nos livres soient imprim\u00e9s en France.<\/div>\n\t\t\t\n\t\t\t\t\t<\/div>\n\t\t\t\t\t\t<\/div>\n\t\t\t\t<\/div>\n\t\t\t\t<\/div>\n\t\t\t\t<\/div>\n\t\t<footer class=\"elementor-element elementor-element-aa9b0b8 e-con-full e-flex e-con e-parent\" data-id=\"aa9b0b8\" data-element_type=\"container\" data-settings=\"{&quot;background_background&quot;:&quot;classic&quot;}\">\n\t\t<div class=\"elementor-element elementor-element-55c96fd8 e-con-full e-flex e-con e-child\" data-id=\"55c96fd8\" data-element_type=\"container\">\n\t\t\t\t<div class=\"elementor-element elementor-element-2e0549d6 elementor-widget elementor-widget-image\" data-id=\"2e0549d6\" data-element_type=\"widget\" data-widget_type=\"image.default\">\n\t\t\t\t\t\t\t\t\t\t\t\t\t\t\t\t<a href=\"https:\/\/www.belledemaieditions.com\/\">\n\t\t\t\t\t\t\t<img decoding=\"async\" src=\"https:\/\/www.belledemaieditions.com\/wp-content\/uploads\/2025\/09\/logo-b-n.png\" title=\"logo-b-n\" alt=\"logo-b-n\" loading=\"lazy\" \/>\t\t\t\t\t\t\t\t<\/a>\n\t\t\t\t\t\t\t\t\t\t\t\t\t\t\t<\/div>\n\t\t\t\t<\/div>\n\t\t<div class=\"elementor-element elementor-element-3570ce62 e-con-full e-flex e-con e-child\" data-id=\"3570ce62\" data-element_type=\"container\">\n\t\t\t\t<div class=\"elementor-element elementor-element-714bee66 elementor-icon-list--layout-inline elementor-tablet-align-center elementor-align-center elementor-list-item-link-full_width elementor-widget elementor-widget-icon-list\" data-id=\"714bee66\" data-element_type=\"widget\" data-widget_type=\"icon-list.default\">\n\t\t\t\t\t\t\t<ul class=\"elementor-icon-list-items elementor-inline-items\">\n\t\t\t\t\t\t\t<li class=\"elementor-icon-list-item elementor-inline-item\">\n\t\t\t\t\t\t\t\t\t\t\t<a href=\"https:\/\/www.belledemaieditions.com\/index.php\/contact\/\">\n\n\t\t\t\t\t\t\t\t\t\t\t<span class=\"elementor-icon-list-text\">Contactez-nous<\/span>\n\t\t\t\t\t\t\t\t\t\t\t<\/a>\n\t\t\t\t\t\t\t\t\t<\/li>\n\t\t\t\t\t\t<\/ul>\n\t\t\t\t\t\t<\/div>\n\t\t\t\t<\/div>\n\t\t<div class=\"elementor-element elementor-element-63d0ba77 e-con-full e-flex e-con e-child\" data-id=\"63d0ba77\" data-element_type=\"container\">\n\t\t\t\t<div class=\"elementor-element elementor-element-3135c218 elementor-icon-list--layout-inline elementor-tablet-align-center elementor-align-center elementor-list-item-link-full_width elementor-widget elementor-widget-icon-list\" data-id=\"3135c218\" data-element_type=\"widget\" data-widget_type=\"icon-list.default\">\n\t\t\t\t\t\t\t<ul class=\"elementor-icon-list-items elementor-inline-items\">\n\t\t\t\t\t\t\t<li class=\"elementor-icon-list-item elementor-inline-item\">\n\t\t\t\t\t\t\t\t\t\t\t<a href=\"https:\/\/www.belledemaieditions.com\/index.php\/conditions-generales-de-vente-cgv\/\">\n\n\t\t\t\t\t\t\t\t\t\t\t<span class=\"elementor-icon-list-text\">CGV<\/span>\n\t\t\t\t\t\t\t\t\t\t\t<\/a>\n\t\t\t\t\t\t\t\t\t<\/li>\n\t\t\t\t\t\t\t\t<li class=\"elementor-icon-list-item elementor-inline-item\">\n\t\t\t\t\t\t\t\t\t\t\t<a href=\"https:\/\/www.belledemaieditions.com\/index.php\/elementor-285\/\">\n\n\t\t\t\t\t\t\t\t\t\t\t<span class=\"elementor-icon-list-text\">MENTIONS L\u00c9GALES<\/span>\n\t\t\t\t\t\t\t\t\t\t\t<\/a>\n\t\t\t\t\t\t\t\t\t<\/li>\n\t\t\t\t\t\t<\/ul>\n\t\t\t\t\t\t<\/div>\n\t\t\t\t<\/div>\n\t\t\t\t<\/footer>\n\t\t<div class=\"elementor-element elementor-element-25b860c4 e-flex e-con-boxed e-con e-parent\" data-id=\"25b860c4\" data-element_type=\"container\" data-settings=\"{&quot;background_background&quot;:&quot;classic&quot;}\">\n\t\t\t\t\t<div class=\"e-con-inner\">\n\t\t<div class=\"elementor-element elementor-element-1ae95e60 e-con-full e-flex e-con e-child\" data-id=\"1ae95e60\" data-element_type=\"container\">\n\t\t\t\t<div class=\"elementor-element elementor-element-78152522 elementor-icon-list--layout-inline elementor-tablet-align-center elementor-align-center elementor-list-item-link-full_width elementor-widget elementor-widget-icon-list\" data-id=\"78152522\" data-element_type=\"widget\" data-widget_type=\"icon-list.default\">\n\t\t\t\t\t\t\t<ul class=\"elementor-icon-list-items elementor-inline-items\">\n\t\t\t\t\t\t\t<li class=\"elementor-icon-list-item elementor-inline-item\">\n\t\t\t\t\t\t\t\t\t\t<span class=\"elementor-icon-list-text\">Copyright 2023 - Belle de Mai \u00c9dition | Website developed by <\/span>\n\t\t\t\t\t\t\t\t\t<\/li>\n\t\t\t\t\t\t\t\t<li class=\"elementor-icon-list-item elementor-inline-item\">\n\t\t\t\t\t\t\t\t\t\t\t<a href=\"https:\/\/jaqsdesign.com\/\">\n\n\t\t\t\t\t\t\t\t\t\t\t<span class=\"elementor-icon-list-text\">Jaqsdesign<\/span>\n\t\t\t\t\t\t\t\t\t\t\t<\/a>\n\t\t\t\t\t\t\t\t\t<\/li>\n\t\t\t\t\t\t<\/ul>\n\t\t\t\t\t\t<\/div>\n\t\t\t\t<\/div>\n\t\t\t\t\t<\/div>\n\t\t\t\t<\/div>\n\t\t\t\t<\/div>\n\t\t","protected":false},"excerpt":{"rendered":"<p>Qui sommes-nous ? \u00a0Fond\u00e9e en 2020 par R\u00e9mi Hugues, enseignant-chercheur ind\u00e9pendant dipl\u00f4m\u00e9 de Sciences Po Paris n\u00e9 en 1990 et vivant \u00e0 Marseille, Belle-de-Mai \u00c9ditions ambitionne de mettre en valeur les grands noms qui jalonnent l\u2019histoire de la litt\u00e9rature. Anim\u00e9e d\u2019un esprit patriotique \u2013 charit\u00e9 ordonn\u00e9e commen\u00e7ant par soi-m\u00eame \u2013, cette maison d\u2019\u00e9dition s\u2019attache \u00e0 [&hellip;]<\/p>\n","protected":false},"author":1,"featured_media":24,"parent":0,"menu_order":0,"comment_status":"closed","ping_status":"closed","template":"elementor_header_footer","meta":{"ocean_post_layout":"","ocean_both_sidebars_style":"","ocean_both_sidebars_content_width":0,"ocean_both_sidebars_sidebars_width":0,"ocean_sidebar":"","ocean_second_sidebar":"","ocean_disable_margins":"enable","ocean_add_body_class":"","ocean_shortcode_before_top_bar":"","ocean_shortcode_after_top_bar":"","ocean_shortcode_before_header":"","ocean_shortcode_after_header":"","ocean_has_shortcode":"","ocean_shortcode_after_title":"","ocean_shortcode_before_footer_widgets":"","ocean_shortcode_after_footer_widgets":"","ocean_shortcode_before_footer_bottom":"","ocean_shortcode_after_footer_bottom":"","ocean_display_top_bar":"default","ocean_display_header":"default","ocean_header_style":"","ocean_center_header_left_menu":"","ocean_custom_header_template":"","ocean_custom_logo":0,"ocean_custom_retina_logo":0,"ocean_custom_logo_max_width":0,"ocean_custom_logo_tablet_max_width":0,"ocean_custom_logo_mobile_max_width":0,"ocean_custom_logo_max_height":0,"ocean_custom_logo_tablet_max_height":0,"ocean_custom_logo_mobile_max_height":0,"ocean_header_custom_menu":"","ocean_menu_typo_font_family":"","ocean_menu_typo_font_subset":"","ocean_menu_typo_font_size":0,"ocean_menu_typo_font_size_tablet":0,"ocean_menu_typo_font_size_mobile":0,"ocean_menu_typo_font_size_unit":"px","ocean_menu_typo_font_weight":"","ocean_menu_typo_font_weight_tablet":"","ocean_menu_typo_font_weight_mobile":"","ocean_menu_typo_transform":"","ocean_menu_typo_transform_tablet":"","ocean_menu_typo_transform_mobile":"","ocean_menu_typo_line_height":0,"ocean_menu_typo_line_height_tablet":0,"ocean_menu_typo_line_height_mobile":0,"ocean_menu_typo_line_height_unit":"","ocean_menu_typo_spacing":0,"ocean_menu_typo_spacing_tablet":0,"ocean_menu_typo_spacing_mobile":0,"ocean_menu_typo_spacing_unit":"","ocean_menu_link_color":"","ocean_menu_link_color_hover":"","ocean_menu_link_color_active":"","ocean_menu_link_background":"","ocean_menu_link_hover_background":"","ocean_menu_link_active_background":"","ocean_menu_social_links_bg":"","ocean_menu_social_hover_links_bg":"","ocean_menu_social_links_color":"","ocean_menu_social_hover_links_color":"","ocean_disable_title":"default","ocean_disable_heading":"default","ocean_post_title":"","ocean_post_subheading":"","ocean_post_title_style":"","ocean_post_title_background_color":"","ocean_post_title_background":0,"ocean_post_title_bg_image_position":"","ocean_post_title_bg_image_attachment":"","ocean_post_title_bg_image_repeat":"","ocean_post_title_bg_image_size":"","ocean_post_title_height":0,"ocean_post_title_bg_overlay":0.5,"ocean_post_title_bg_overlay_color":"","ocean_disable_breadcrumbs":"default","ocean_breadcrumbs_color":"","ocean_breadcrumbs_separator_color":"","ocean_breadcrumbs_links_color":"","ocean_breadcrumbs_links_hover_color":"","ocean_display_footer_widgets":"default","ocean_display_footer_bottom":"default","ocean_custom_footer_template":"","footnotes":""},"class_list":["post-19","page","type-page","status-publish","has-post-thumbnail","hentry","entry","has-media","owp-thumbs-layout-horizontal","owp-btn-normal","owp-tabs-layout-horizontal","has-no-thumbnails","has-product-nav"],"jetpack_sharing_enabled":true,"_links":{"self":[{"href":"https:\/\/www.belledemaieditions.com\/index.php\/wp-json\/wp\/v2\/pages\/19","targetHints":{"allow":["GET"]}}],"collection":[{"href":"https:\/\/www.belledemaieditions.com\/index.php\/wp-json\/wp\/v2\/pages"}],"about":[{"href":"https:\/\/www.belledemaieditions.com\/index.php\/wp-json\/wp\/v2\/types\/page"}],"author":[{"embeddable":true,"href":"https:\/\/www.belledemaieditions.com\/index.php\/wp-json\/wp\/v2\/users\/1"}],"replies":[{"embeddable":true,"href":"https:\/\/www.belledemaieditions.com\/index.php\/wp-json\/wp\/v2\/comments?post=19"}],"version-history":[{"count":35,"href":"https:\/\/www.belledemaieditions.com\/index.php\/wp-json\/wp\/v2\/pages\/19\/revisions"}],"predecessor-version":[{"id":836,"href":"https:\/\/www.belledemaieditions.com\/index.php\/wp-json\/wp\/v2\/pages\/19\/revisions\/836"}],"wp:featuredmedia":[{"embeddable":true,"href":"https:\/\/www.belledemaieditions.com\/index.php\/wp-json\/wp\/v2\/media\/24"}],"wp:attachment":[{"href":"https:\/\/www.belledemaieditions.com\/index.php\/wp-json\/wp\/v2\/media?parent=19"}],"curies":[{"name":"wp","href":"https:\/\/api.w.org\/{rel}","templated":true}]}}